{"id":1055,"date":"2026-04-12T21:45:54","date_gmt":"2026-04-13T00:45:54","guid":{"rendered":"https:\/\/capacitamais.shop\/ia-produtiva\/?post_type=product&#038;p=1055"},"modified":"2026-04-12T21:46:14","modified_gmt":"2026-04-13T00:46:14","slug":"sermoes-poderosos-com-inteligencia-artificial","status":"publish","type":"product","link":"https:\/\/capacitamais.shop\/ia-produtiva\/shop\/sermoes-poderosos-com-inteligencia-artificial\/","title":{"rendered":"Serm\u00f5es Poderosos com Intelig\u00eancia Artificial"},"content":{"rendered":"<p><img fetchpriority=\"high\" decoding=\"async\" class=\"alignnone size-full wp-image-134\" src=\"https:\/\/capacitamais.shop\/wp-content\/uploads\/2026\/04\/Sermoes-Poderosos-300x200-1.png\" alt=\"\" width=\"300\" height=\"200\" \/><\/p>\n<h1 class=\"font-display text-3xl sm:text-4xl md:text-5xl font-extrabold leading-tight mb-6 text-destructive-foreground lg:text-6xl\">Serm\u00f5es Poderosos com IA:\u00a0<span class=\"text-gold-gradient text-gray-200\">Prepare Mensagens Impactantes e Organize seu Minist\u00e9rio com o Kit Completo<\/span><\/h1>\n<p class=\"text-lg text-gold-light mb-10 max-w-2xl mx-auto leading-relaxed md:text-4xl font-semibold\">Descubra o m\u00e9todo que une a Intelig\u00eancia Artificial \u00e0 gest\u00e3o ministerial, economizando seu tempo e elevando a profundidade da sua prega\u00e7\u00e3o. Inclui Ebook + Planilha de Produtividade com Gerador de Prompts e Dashboard.<\/p>\n","protected":false},"excerpt":{"rendered":"<h1 class=\"font-display text-3xl sm:text-4xl md:text-5xl font-extrabold leading-tight mb-6 text-destructive-foreground lg:text-6xl\">Serm\u00f5es Poderosos com IA:\u00a0<span class=\"text-gold-gradient text-gray-200\">Prepare Mensagens Impactantes e Organize seu Minist\u00e9rio com o Kit Completo<\/span><\/h1>\n<p class=\"text-lg text-gold-light mb-10 max-w-2xl mx-auto leading-relaxed md:text-4xl font-semibold\">Descubra o m\u00e9todo que une a Intelig\u00eancia Artificial \u00e0 gest\u00e3o ministerial, economizando seu tempo e elevando a profundidade da sua prega\u00e7\u00e3o. Inclui Ebook + Planilha de Produtividade com Gerador de Prompts e Dashboard.<\/p>\n<ul>\n<li class=\"flex items-center gap-3\"><span class=\"text-background\/90 text-sm md:text-base\">Cansado de passar horas travado diante de uma p\u00e1gina em branco? Prepare mensagens impactantes em minutos com o aux\u00edlio da Intelig\u00eancia Artificial.<br \/>\n<\/span><\/li>\n<li>Preparar o serm\u00e3o de domingo ainda \u00e9 um fardo pesado para voc\u00ea? Descubra como a Intelig\u00eancia Artificial pode ser sua maior aliada para criar mensagens profundas sem roubar seu descanso.<\/li>\n<li>\n<div class=\"grid grid-cols-1 sm:grid-cols-2 gap-3 max-w-xl mx-auto mb-12 text-left\">\n<div class=\"flex items-center gap-3\"><span class=\"text-background\/90 text-sm md:text-base\">Encontre conex\u00f5es entre textos com facilidade<\/span><\/div>\n<\/div>\n<\/li>\n<li class=\"flex items-center gap-3\">Prompts prontos para copiar<\/li>\n<\/ul>\n<section class=\"py-20 md:py-28 bg-background\">\n<div class=\"container max-w-4xl px-6\">\n<div class=\"text-center max-w-xl mx-auto\">\n<p class=\"text-muted-foreground text-lg leading-relaxed mb-4 font-medium\">A verdade \u00e9 que o problema n\u00e3o \u00e9 falta de dedica\u00e7\u00e3o.<br \/>\n\u00c9 falta de\u00a0<span class=\"text-gold-gradient font-medium\">ferramentas certas<\/span>.<\/p>\n<\/div>\n<\/div>\n<\/section>\n<section class=\"py-20 md:py-28 gradient-navy\">\n<div class=\"container max-w-4xl px-6\">\n<h3 class=\"font-display text-2xl sm:text-3xl md:text-4xl font-extrabold text-center mb-6 text-background\">A Nova Ferramenta que Est\u00e1 Transformando o\u00a0<span class=\"text-gold-gradient\">Estudo B\u00edblico.<\/span><\/h3>\n<\/div>\n<\/section>\n","protected":false},"featured_media":0,"comment_status":"open","ping_status":"closed","template":"","meta":[],"product_brand":[],"product_cat":[45],"product_tag":[48,47,46],"class_list":{"0":"post-1055","1":"product","2":"type-product","3":"status-publish","5":"product_cat-info-produto","6":"product_tag-biblia","7":"product_tag-ia","8":"product_tag-sermao","10":"first","11":"instock","12":"sale","13":"virtual","14":"purchasable","15":"product-type-simple"},"_links":{"self":[{"href":"https:\/\/capacitamais.shop\/ia-produtiva\/wp-json\/wp\/v2\/product\/1055","targetHints":{"allow":["GET"]}}],"collection":[{"href":"https:\/\/capacitamais.shop\/ia-produtiva\/wp-json\/wp\/v2\/product"}],"about":[{"href":"https:\/\/capacitamais.shop\/ia-produtiva\/wp-json\/wp\/v2\/types\/product"}],"replies":[{"embeddable":true,"href":"https:\/\/capacitamais.shop\/ia-produtiva\/wp-json\/wp\/v2\/comments?post=1055"}],"wp:attachment":[{"href":"https:\/\/capacitamais.shop\/ia-produtiva\/wp-json\/wp\/v2\/media?parent=1055"}],"wp:term":[{"taxonomy":"product_brand","embeddable":true,"href":"https:\/\/capacitamais.shop\/ia-produtiva\/wp-json\/wp\/v2\/product_brand?post=1055"},{"taxonomy":"product_cat","embeddable":true,"href":"https:\/\/capacitamais.shop\/ia-produtiva\/wp-json\/wp\/v2\/product_cat?post=1055"},{"taxonomy":"product_tag","embeddable":true,"href":"https:\/\/capacitamais.shop\/ia-produtiva\/wp-json\/wp\/v2\/product_tag?post=1055"}],"curies":[{"name":"wp","href":"https:\/\/api.w.org\/{rel}","templated":true}]}}