{"id":78,"date":"2026-04-08T02:55:08","date_gmt":"2026-04-08T05:55:08","guid":{"rendered":"https:\/\/capacitamais.shop\/?page_id=78"},"modified":"2026-04-08T21:25:47","modified_gmt":"2026-04-09T00:25:47","slug":"sermoes-poderosos-com-ia","status":"publish","type":"page","link":"https:\/\/capacitamais.shop\/ia-produtiva\/sermoes-poderosos-com-ia\/","title":{"rendered":"Serm\u00f5es Poderosos com IA"},"content":{"rendered":"\t\t<div data-elementor-type=\"wp-page\" data-elementor-id=\"78\" class=\"elementor elementor-78\">\n\t\t\t\t<div class=\"elementor-element elementor-element-361d407 e-flex e-con-boxed e-con e-parent\" data-id=\"361d407\" data-element_type=\"container\" data-e-type=\"container\">\n\t\t\t\t\t<div class=\"e-con-inner\">\n\t\t<div class=\"elementor-element elementor-element-e525f74 e-con-full e-flex e-con e-child\" data-id=\"e525f74\" data-element_type=\"container\" data-e-type=\"container\">\n\t\t\t\t<div class=\"elementor-element elementor-element-38b2c38 elementor-nav-menu--dropdown-tablet elementor-nav-menu__text-align-aside elementor-nav-menu--toggle elementor-nav-menu--burger elementor-widget elementor-widget-nav-menu\" data-id=\"38b2c38\" data-element_type=\"widget\" data-e-type=\"widget\" data-settings=\"{&quot;layout&quot;:&quot;horizontal&quot;,&quot;submenu_icon&quot;:{&quot;value&quot;:&quot;&lt;svg class=\\&quot;e-font-icon-svg e-fas-caret-down\\&quot; viewBox=\\&quot;0 0 320 512\\&quot; xmlns=\\&quot;http:\\\/\\\/www.w3.org\\\/2000\\\/svg\\&quot;&gt;&lt;path d=\\&quot;M31.3 192h257.3c17.8 0 26.7 21.5 14.1 34.1L174.1 354.8c-7.8 7.8-20.5 7.8-28.3 0L17.2 226.1C4.6 213.5 13.5 192 31.3 192z\\&quot;&gt;&lt;\\\/path&gt;&lt;\\\/svg&gt;&quot;,&quot;library&quot;:&quot;fa-solid&quot;},&quot;toggle&quot;:&quot;burger&quot;}\" data-widget_type=\"nav-menu.default\">\n\t\t\t\t<div class=\"elementor-widget-container\">\n\t\t\t\t\t\t\t\t<nav migration_allowed=\"1\" migrated=\"0\" role=\"navigation\" class=\"elementor-nav-menu--main elementor-nav-menu__container elementor-nav-menu--layout-horizontal e--pointer-underline e--animation-fade\">\n\t\t\t\t<ul id=\"menu-1-38b2c38\" class=\"elementor-nav-menu\"><li class=\"menu-item menu-item-type-post_type menu-item-object-page menu-item-home menu-item-35\"><a href=\"https:\/\/capacitamais.shop\/ia-produtiva\/\" class=\"elementor-item\">IA Produtiva<\/a><\/li>\n<li class=\"menu-item menu-item-type-post_type menu-item-object-page menu-item-has-children menu-item-149\"><a href=\"https:\/\/capacitamais.shop\/ia-produtiva\/produtos\/\" class=\"elementor-item\">Produtos<\/a>\n<ul class=\"sub-menu elementor-nav-menu--dropdown\">\n\t<li class=\"menu-item menu-item-type-post_type menu-item-object-page menu-item-79\"><a href=\"https:\/\/capacitamais.shop\/ia-produtiva\/sermoes-poderosos-com-ia\/\" class=\"elementor-sub-item\">Serm\u00f5es Poderosos com IA<\/a><\/li>\n\t<li class=\"menu-item menu-item-type-post_type menu-item-object-page menu-item-76\"><a href=\"https:\/\/capacitamais.shop\/ia-produtiva\/kit-igreja-criativa\/\" class=\"elementor-sub-item\">Kit Igreja Criativa<\/a><\/li>\n\t<li class=\"menu-item menu-item-type-post_type menu-item-object-page menu-item-73\"><a href=\"https:\/\/capacitamais.shop\/ia-produtiva\/excel-com-ia\/\" class=\"elementor-sub-item\">Excel Com IA<\/a><\/li>\n\t<li class=\"menu-item menu-item-type-post_type menu-item-object-page menu-item-111\"><a href=\"https:\/\/capacitamais.shop\/ia-produtiva\/truques-de-casa-cozinha\/\" class=\"elementor-sub-item\">Truques de Casa &#8211; Cozinha<\/a><\/li>\n<\/ul>\n<\/li>\n<li class=\"menu-item menu-item-type-post_type menu-item-object-page menu-item-34\"><a href=\"https:\/\/capacitamais.shop\/ia-produtiva\/sobre\/\" class=\"elementor-item\">Sobre<\/a><\/li>\n<li class=\"menu-item menu-item-type-post_type menu-item-object-page menu-item-privacy-policy menu-item-243\"><a rel=\"privacy-policy\" href=\"https:\/\/capacitamais.shop\/ia-produtiva\/privacy-policy\/\" class=\"elementor-item\">Pol\u00edtica de Privacidade<\/a><\/li>\n<li class=\"menu-item menu-item-type-post_type menu-item-object-page menu-item-366\"><a href=\"https:\/\/capacitamais.shop\/ia-produtiva\/noticias\/\" class=\"elementor-item\">Not\u00edcias IA Produtiva<\/a><\/li>\n<\/ul>\t\t\t<\/nav>\n\t\t\t\t\t<div class=\"elementor-menu-toggle\" role=\"button\" tabindex=\"0\" aria-label=\"Menu Toggle\" aria-expanded=\"false\">\n\t\t\t<svg aria-hidden=\"true\" role=\"presentation\" class=\"elementor-menu-toggle__icon--open e-font-icon-svg e-eicon-menu-bar\" viewBox=\"0 0 1000 1000\" xmlns=\"http:\/\/www.w3.org\/2000\/svg\"><path d=\"M104 333H896C929 333 958 304 958 271S929 208 896 208H104C71 208 42 237 42 271S71 333 104 333ZM104 583H896C929 583 958 554 958 521S929 458 896 458H104C71 458 42 487 42 521S71 583 104 583ZM104 833H896C929 833 958 804 958 771S929 708 896 708H104C71 708 42 737 42 771S71 833 104 833Z\"><\/path><\/svg><svg aria-hidden=\"true\" role=\"presentation\" class=\"elementor-menu-toggle__icon--close e-font-icon-svg e-eicon-close\" viewBox=\"0 0 1000 1000\" xmlns=\"http:\/\/www.w3.org\/2000\/svg\"><path d=\"M742 167L500 408 258 167C246 154 233 150 217 150 196 150 179 158 167 167 154 179 150 196 150 212 150 229 154 242 171 254L408 500 167 742C138 771 138 800 167 829 196 858 225 858 254 829L496 587 738 829C750 842 767 846 783 846 800 846 817 842 829 829 842 817 846 804 846 783 846 767 842 750 829 737L588 500 833 258C863 229 863 200 833 171 804 137 775 137 742 167Z\"><\/path><\/svg>\t\t\t<span class=\"elementor-screen-only\">Menu<\/span>\n\t\t<\/div>\n\t\t\t<nav class=\"elementor-nav-menu--dropdown elementor-nav-menu__container\" role=\"navigation\" aria-hidden=\"true\">\n\t\t\t\t<ul id=\"menu-2-38b2c38\" class=\"elementor-nav-menu\"><li class=\"menu-item menu-item-type-post_type menu-item-object-page menu-item-home menu-item-35\"><a href=\"https:\/\/capacitamais.shop\/ia-produtiva\/\" class=\"elementor-item\" tabindex=\"-1\">IA Produtiva<\/a><\/li>\n<li class=\"menu-item menu-item-type-post_type menu-item-object-page menu-item-has-children menu-item-149\"><a href=\"https:\/\/capacitamais.shop\/ia-produtiva\/produtos\/\" class=\"elementor-item\" tabindex=\"-1\">Produtos<\/a>\n<ul class=\"sub-menu elementor-nav-menu--dropdown\">\n\t<li class=\"menu-item menu-item-type-post_type menu-item-object-page menu-item-79\"><a href=\"https:\/\/capacitamais.shop\/ia-produtiva\/sermoes-poderosos-com-ia\/\" class=\"elementor-sub-item\" tabindex=\"-1\">Serm\u00f5es Poderosos com IA<\/a><\/li>\n\t<li class=\"menu-item menu-item-type-post_type menu-item-object-page menu-item-76\"><a href=\"https:\/\/capacitamais.shop\/ia-produtiva\/kit-igreja-criativa\/\" class=\"elementor-sub-item\" tabindex=\"-1\">Kit Igreja Criativa<\/a><\/li>\n\t<li class=\"menu-item menu-item-type-post_type menu-item-object-page menu-item-73\"><a href=\"https:\/\/capacitamais.shop\/ia-produtiva\/excel-com-ia\/\" class=\"elementor-sub-item\" tabindex=\"-1\">Excel Com IA<\/a><\/li>\n\t<li class=\"menu-item menu-item-type-post_type menu-item-object-page menu-item-111\"><a href=\"https:\/\/capacitamais.shop\/ia-produtiva\/truques-de-casa-cozinha\/\" class=\"elementor-sub-item\" tabindex=\"-1\">Truques de Casa &#8211; Cozinha<\/a><\/li>\n<\/ul>\n<\/li>\n<li class=\"menu-item menu-item-type-post_type menu-item-object-page menu-item-34\"><a href=\"https:\/\/capacitamais.shop\/ia-produtiva\/sobre\/\" class=\"elementor-item\" tabindex=\"-1\">Sobre<\/a><\/li>\n<li class=\"menu-item menu-item-type-post_type menu-item-object-page menu-item-privacy-policy menu-item-243\"><a rel=\"privacy-policy\" href=\"https:\/\/capacitamais.shop\/ia-produtiva\/privacy-policy\/\" class=\"elementor-item\" tabindex=\"-1\">Pol\u00edtica de Privacidade<\/a><\/li>\n<li class=\"menu-item menu-item-type-post_type menu-item-object-page menu-item-366\"><a href=\"https:\/\/capacitamais.shop\/ia-produtiva\/noticias\/\" class=\"elementor-item\" tabindex=\"-1\">Not\u00edcias IA Produtiva<\/a><\/li>\n<\/ul>\t\t\t<\/nav>\n\t\t\t\t\t\t<\/div>\n\t\t\t\t<\/div>\n\t\t\t\t<\/div>\n\t\t<div class=\"elementor-element elementor-element-036adb6 e-con-full e-flex e-con e-child\" data-id=\"036adb6\" data-element_type=\"container\" data-e-type=\"container\">\n\t\t\t\t<div class=\"elementor-element elementor-element-9b37ad7 elementor-search-form--skin-classic elementor-search-form--button-type-icon elementor-search-form--icon-search elementor-widget elementor-widget-search-form\" data-id=\"9b37ad7\" data-element_type=\"widget\" data-e-type=\"widget\" data-settings=\"{&quot;skin&quot;:&quot;classic&quot;}\" data-widget_type=\"search-form.default\">\n\t\t\t\t<div class=\"elementor-widget-container\">\n\t\t\t\t\t\t\t<form class=\"elementor-search-form\" role=\"search\" action=\"https:\/\/capacitamais.shop\/ia-produtiva\" method=\"get\">\n\t\t\t\t\t\t\t\t\t<div class=\"elementor-search-form__container\">\n\t\t\t\t\t\t\t\t<input placeholder=\"Search...\" class=\"elementor-search-form__input\" type=\"search\" name=\"s\" title=\"Search\" value=\"\">\n\t\t\t\t\t\t\t\t\t\t\t\t\t<button class=\"elementor-search-form__submit\" type=\"submit\" title=\"Search\" aria-label=\"Search\">\n\t\t\t\t\t\t\t\t\t\t\t\t\t<div class=\"e-font-icon-svg-container\"><svg class=\"fa fa-search e-font-icon-svg e-fas-search\" viewBox=\"0 0 512 512\" xmlns=\"http:\/\/www.w3.org\/2000\/svg\"><path d=\"M505 442.7L405.3 343c-4.5-4.5-10.6-7-17-7H372c27.6-35.3 44-79.7 44-128C416 93.1 322.9 0 208 0S0 93.1 0 208s93.1 208 208 208c48.3 0 92.7-16.4 128-44v16.3c0 6.4 2.5 12.5 7 17l99.7 99.7c9.4 9.4 24.6 9.4 33.9 0l28.3-28.3c9.4-9.4 9.4-24.6.1-34zM208 336c-70.7 0-128-57.2-128-128 0-70.7 57.2-128 128-128 70.7 0 128 57.2 128 128 0 70.7-57.2 128-128 128z\"><\/path><\/svg><\/div>\t\t\t\t\t\t\t<span class=\"elementor-screen-only\">Search<\/span>\n\t\t\t\t\t\t\t\t\t\t\t<\/button>\n\t\t\t\t\t\t\t\t\t\t\t<\/div>\n\t\t<\/form>\n\t\t\t\t\t\t<\/div>\n\t\t\t\t<\/div>\n\t\t\t\t<\/div>\n\t\t\t\t\t<\/div>\n\t\t\t\t<\/div>\n\t\t<div class=\"elementor-element elementor-element-cfe407c e-flex e-con-boxed e-con e-parent\" data-id=\"cfe407c\" data-element_type=\"container\" data-e-type=\"container\">\n\t\t\t\t\t<div class=\"e-con-inner\">\n\t\t\t\t<div class=\"elementor-element elementor-element-c7887bb elementor-widget elementor-widget-image\" data-id=\"c7887bb\" data-element_type=\"widget\" data-e-type=\"widget\" data-widget_type=\"image.default\">\n\t\t\t\t\t\t\t\t\t\t\t\t\t\t\t\t<a href=\"https:\/\/pay.kiwify.com.br\/niB79ZG\">\n\t\t\t\t\t\t\t<img fetchpriority=\"high\" decoding=\"async\" width=\"1536\" height=\"1024\" src=\"https:\/\/capacitamais.shop\/wp-content\/uploads\/2026\/04\/20260408_1920_Sermoes-com-Inteligencia-Artificial_simple_compose_01knqjtsncf16rtc1dnybzb6c3.png\" class=\"attachment-1536x1536 size-1536x1536 wp-image-204\" alt=\"\" srcset=\"https:\/\/capacitamais.shop\/wp-content\/uploads\/2026\/04\/20260408_1920_Sermoes-com-Inteligencia-Artificial_simple_compose_01knqjtsncf16rtc1dnybzb6c3.png 1536w, https:\/\/capacitamais.shop\/wp-content\/uploads\/2026\/04\/20260408_1920_Sermoes-com-Inteligencia-Artificial_simple_compose_01knqjtsncf16rtc1dnybzb6c3-300x200.png 300w, https:\/\/capacitamais.shop\/wp-content\/uploads\/2026\/04\/20260408_1920_Sermoes-com-Inteligencia-Artificial_simple_compose_01knqjtsncf16rtc1dnybzb6c3-1024x683.png 1024w, https:\/\/capacitamais.shop\/wp-content\/uploads\/2026\/04\/20260408_1920_Sermoes-com-Inteligencia-Artificial_simple_compose_01knqjtsncf16rtc1dnybzb6c3-768x512.png 768w\" sizes=\"(max-width: 1536px) 100vw, 1536px\" \/>\t\t\t\t\t\t\t\t<\/a>\n\t\t\t\t\t\t\t\t\t\t\t\t\t\t\t<\/div>\n\t\t\t\t<div class=\"elementor-element elementor-element-5a0ac71 elementor-widget elementor-widget-html\" data-id=\"5a0ac71\" data-element_type=\"widget\" data-e-type=\"widget\" data-widget_type=\"html.default\">\n\t\t\t\t\t<section class=\"sermoes-hero\">\r\n    <div class=\"container\">\r\n        <div class=\"badge\">TECNOLOGIA A SERVI\u00c7O DO REINO<\/div>\r\n        <h1>Pregue com profundidade, estude com agilidade.<\/h1>\r\n        <p class=\"headline-sub\">O guia definitivo de Prompts de IA para pregadores que desejam estruturar mensagens b\u00edblicas impactantes sem gastar horas diante de uma tela em branco.<\/p>\r\n        \r\n        <div class=\"cta-box\">\r\n            <a href=\"https:\/\/pay.kiwify.com.br\/niB79ZG\" class=\"btn-main\">QUERO O ACESSO IMEDIATO<\/a>\r\n            <p class=\"price-anchor\">De <span class=\"old-price\">R$ 97,00<\/span> por apenas <strong>R$ 27,90<\/strong><\/p>\r\n        <\/div>\r\n    <\/div>\r\n<\/section>\r\n\r\n<section class=\"sermoes-method\">\r\n    <div class=\"container\">\r\n        <div class=\"method-grid\">\r\n            <div class=\"method-text\">\r\n                <h2>N\u00e3o \u00e9 sobre substituir o Esp\u00edrito, \u00e9 sobre otimizar o tempo.<\/h2>\r\n                <p>Muitos l\u00edderes sofrem com a rotina exaustiva. A IA n\u00e3o substitui a sua un\u00e7\u00e3o, ela organiza o seu conhecimento e acelera a sua pesquisa exeg\u00e9tica.<\/p>\r\n                <ul class=\"benefit-list\">\r\n                    <li>\u2705 Esbo\u00e7os completos em 5 minutos<\/li>\r\n                    <li>\u2705 Sugest\u00f5es de ilustra\u00e7\u00f5es criativas<\/li>\r\n                    <li>\u2705 Contextualiza\u00e7\u00e3o hist\u00f3rica instant\u00e2nea<\/li>\r\n                <\/ul>\r\n            <\/div>\r\n            <div class=\"method-image\">\r\n                <div class=\"placeholder-mockup\">GUIA SERM\u00d5ES IA<\/div>\r\n            <\/div>\r\n        <\/div>\r\n    <\/div>\r\n<\/section>\r\n\r\n<section class=\"sermoes-features\">\r\n    <div class=\"container\">\r\n        <h2 class=\"section-title\">O que voc\u00ea vai dominar:<\/h2>\r\n        <div class=\"feature-grid\">\r\n            <div class=\"feature-card\">\r\n                <span class=\"card-icon\">\ud83d\udcdc<\/span>\r\n                <h3>Exegese Facilitada<\/h3>\r\n                <p>Comandos para analisar palavras no grego e hebraico de forma simples.<\/p>\r\n            <\/div>\r\n            <div class=\"feature-card\">\r\n                <span class=\"card-icon\">\ud83c\udfa4<\/span>\r\n                <h3>Ret\u00f3rica e Orat\u00f3ria<\/h3>\r\n                <p>Melhore a conclus\u00e3o e os apelos das suas prega\u00e7\u00f5es.<\/p>\r\n            <\/div>\r\n            <div class=\"feature-card\">\r\n                <span class=\"card-icon\">\ud83d\udcf1<\/span>\r\n                <h3>Posts para Redes Sociais<\/h3>\r\n                <p>Transforme seu serm\u00e3o em 10 posts para o Instagram em segundos.<\/p>\r\n            <\/div>\r\n        <\/div>\r\n    <\/div>\r\n<\/section>\r\n\r\n<style>\r\n\/* CONFIGURA\u00c7\u00d5ES GERAIS *\/\r\n.sermoes-hero, .sermoes-method, .sermoes-features {\r\n    font-family: 'Inter', sans-serif;\r\n    padding: 80px 20px;\r\n}\r\n\r\n.container { max-width: 1100px; margin: auto; }\r\n\r\n\/* HERO *\/\r\n.sermoes-hero {\r\n    background: linear-gradient(135deg, #061426 0%, #0d1b2a 100%);\r\n    color: #fff;\r\n    text-align: center;\r\n}\r\n\r\n.badge {\r\n    background: #ff7a00;\r\n    display: inline-block;\r\n    padding: 6px 15px;\r\n    border-radius: 4px;\r\n    font-size: 12px;\r\n    font-weight: 900;\r\n    margin-bottom: 25px;\r\n}\r\n\r\n.sermoes-hero h1 { font-size: 48px; font-weight: 800; line-height: 1.1; margin-bottom: 20px; }\r\n.headline-sub { font-size: 20px; color: #a0aec0; margin-bottom: 40px; max-width: 800px; margin-left: auto; margin-right: auto; }\r\n\r\n\/* BOT\u00d5ES E PRE\u00c7O *\/\r\n.btn-main {\r\n    background: #ff7a00;\r\n    color: #fff;\r\n    padding: 20px 40px;\r\n    border-radius: 50px;\r\n    text-decoration: none;\r\n    font-weight: 800;\r\n    font-size: 20px;\r\n    display: inline-block;\r\n    transition: 0.3s;\r\n    box-shadow: 0 15px 30px rgba(255,122,0,0.3);\r\n}\r\n\r\n.btn-main:hover { transform: translateY(-3px); background: #ff8f1f; }\r\n.price-anchor { margin-top: 20px; font-size: 16px; color: #cbd5e0; }\r\n.old-price { text-decoration: line-through; }\r\n\r\n\/* M\u00c9TODO *\/\r\n.sermoes-method { background: #fff; color: #061426; }\r\n.method-grid { display: flex; align-items: center; gap: 50px; flex-wrap: wrap; }\r\n.method-text { flex: 1; min-width: 300px; }\r\n.method-text h2 { font-size: 32px; margin-bottom: 20px; }\r\n.benefit-list { list-style: none; padding: 0; }\r\n.benefit-list li { margin-bottom: 15px; font-weight: 600; font-size: 18px; }\r\n\r\n.placeholder-mockup {\r\n    width: 100%; height: 350px;\r\n    background: #f1f5f9;\r\n    border: 2px dashed #cbd5e0;\r\n    border-radius: 20px;\r\n    display: flex; align-items: center; justify-content: center;\r\n    color: #94a3b8; font-weight: 800;\r\n}\r\n\r\n\/* CARDS *\/\r\n.sermoes-features { background: #f8fafc; text-align: center; }\r\n.feature-grid { display: grid; grid-template-columns: repeat(auto-fit, minmax(300px, 1fr)); gap: 30px; margin-top: 50px; }\r\n.feature-card { background: #fff; padding: 40px; border-radius: 15px; border-bottom: 4px solid #ff7a00; transition: 0.3s; }\r\n.feature-card:hover { transform: translateY(-5px); }\r\n.card-icon { font-size: 40px; display: block; margin-bottom: 20px; }\r\n\r\n\/* MOBILE *\/\r\n@media (max-width: 768px) {\r\n    .sermoes-hero h1 { font-size: 32px; }\r\n    .method-text { text-align: center; }\r\n}\r\n<\/style>\t\t\t\t<\/div>\n\t\t\t\t<div class=\"elementor-element elementor-element-2862e08 elementor-widget elementor-widget-image\" data-id=\"2862e08\" data-element_type=\"widget\" data-e-type=\"widget\" data-widget_type=\"image.default\">\n\t\t\t\t\t\t\t\t\t\t\t\t\t\t\t<img decoding=\"async\" width=\"1227\" height=\"817\" src=\"https:\/\/capacitamais.shop\/wp-content\/uploads\/2026\/04\/Imagem-Pg.-15Cortada.png\" class=\"attachment-1536x1536 size-1536x1536 wp-image-195\" alt=\"\" srcset=\"https:\/\/capacitamais.shop\/wp-content\/uploads\/2026\/04\/Imagem-Pg.-15Cortada.png 1227w, https:\/\/capacitamais.shop\/wp-content\/uploads\/2026\/04\/Imagem-Pg.-15Cortada-300x200.png 300w, https:\/\/capacitamais.shop\/wp-content\/uploads\/2026\/04\/Imagem-Pg.-15Cortada-1024x682.png 1024w, https:\/\/capacitamais.shop\/wp-content\/uploads\/2026\/04\/Imagem-Pg.-15Cortada-768x511.png 768w\" sizes=\"(max-width: 1227px) 100vw, 1227px\" \/>\t\t\t\t\t\t\t\t\t\t\t\t\t\t\t<\/div>\n\t\t\t\t\t<\/div>\n\t\t\t\t<\/div>\n\t\t<div class=\"elementor-element elementor-element-dbe8f09 e-flex e-con-boxed e-con e-parent\" data-id=\"dbe8f09\" data-element_type=\"container\" data-e-type=\"container\">\n\t\t\t\t\t<div class=\"e-con-inner\">\n\t\t\t\t<div class=\"elementor-element elementor-element-7bbf3f4 elementor-widget elementor-widget-html\" data-id=\"7bbf3f4\" data-element_type=\"widget\" data-e-type=\"widget\" data-widget_type=\"html.default\">\n\t\t\t\t\t<footer class=\"main-footer\">\r\n    <div class=\"footer-container\">\r\n        <div class=\"footer-col\">\r\n            <h3 class=\"footer-logo\">IA<span> Produtiva<\/span><\/h3>\r\n            <p class=\"footer-about\">\r\n                Capacitando l\u00edderes e empreendedores com ferramentas pr\u00e1ticas e intelig\u00eancia artificial para otimizar o tempo e maximizar resultados.\r\n            <\/p>\r\n        <\/div>\r\n\r\n        <div class=\"footer-col\">\r\n            <h4>Navega\u00e7\u00e3o<\/h4>\r\n            <ul class=\"footer-links\">\r\n                <li><a href=\"https:\/\/capacitamais.shop\/\">In\u00edcio<\/a><\/li>\r\n                <li><a href=\"https:\/\/capacitamais.shop\/produtos\/\">Produtos<\/a><\/li>\r\n                <li><a href=\"#\">Minha Conta<\/a><\/li>\r\n                <li><a href=\"#\">Termos de Uso<\/a><\/li>\r\n            <\/ul>\r\n        <\/div>\r\n\r\n        <div class=\"footer-col\">\r\n            <h4>Suporte<\/h4>\r\n            <p>D\u00favidas sobre o acesso?<\/p>\r\n            <a href=\"mailto:contato@capacitamais.shop\" class=\"footer-mail\">contato@capacitamais.shop<\/a>\r\n            <div class=\"security-badges\">\r\n                <img decoding=\"async\" src=\"https:\/\/img.icons8.com\/color\/48\/000000\/visa.png\" alt=\"Visa\" width=\"30\">\r\n                <img decoding=\"async\" src=\"https:\/\/img.icons8.com\/color\/48\/000000\/mastercard.png\" alt=\"Mastercard\" width=\"30\">\r\n                <img decoding=\"async\" src=\"https:\/\/img.icons8.com\/color\/48\/000000\/pix.png\" alt=\"Pix\" width=\"30\">\r\n                <img decoding=\"async\" src=\"https:\/\/img.icons8.com\/fluency\/48\/000000\/shield.png\" alt=\"Seguro\" width=\"30\">\r\n            <\/div>\r\n        <\/div>\r\n    <\/div>\r\n\r\n    <div class=\"footer-bottom\">\r\n        <div class=\"container\">\r\n            <p>&copy; 2026 CapacitaMais Shop - Todos os Direitos Reservados.<\/p>\r\n            <p class=\"produced-by\">Produzido por Italo Martins<\/p>\r\n        <\/div>\r\n    <\/div>\r\n<\/footer>\r\n\r\n<style>\r\n\/* ESTILOS DO RODAP\u00c9 *\/\r\n.main-footer {\r\n    background: #061426;\r\n    color: #fff;\r\n    padding: 60px 0 0 0;\r\n    font-family: 'Inter', sans-serif;\r\n    margin-top: 50px;\r\n}\r\n\r\n.footer-container {\r\n    max-width: 1100px;\r\n    margin: auto;\r\n    display: flex;\r\n    justify-content: space-between;\r\n    flex-wrap: wrap;\r\n    padding: 0 20px 40px 20px;\r\n    gap: 40px;\r\n}\r\n\r\n.footer-col {\r\n    flex: 1;\r\n    min-width: 250px;\r\n}\r\n\r\n.footer-logo {\r\n    font-size: 24px;\r\n    font-weight: 800;\r\n    margin-bottom: 20px;\r\n}\r\n\r\n.footer-logo span {\r\n    color: #ff7a00;\r\n}\r\n\r\n.footer-about {\r\n    color: #9fb3c8;\r\n    line-height: 1.6;\r\n    font-size: 14px;\r\n}\r\n\r\n.footer-col h4 {\r\n    font-size: 18px;\r\n    margin-bottom: 20px;\r\n    color: #ff7a00;\r\n}\r\n\r\n.footer-links {\r\n    list-style: none;\r\n    padding: 0;\r\n}\r\n\r\n.footer-links li {\r\n    margin-bottom: 10px;\r\n}\r\n\r\n.footer-links a {\r\n    color: #9fb3c8;\r\n    text-decoration: none;\r\n    transition: 0.3s;\r\n    font-size: 14px;\r\n}\r\n\r\n.footer-links a:hover {\r\n    color: #fff;\r\n    padding-left: 5px;\r\n}\r\n\r\n.footer-mail {\r\n    display: block;\r\n    color: #fff;\r\n    font-weight: 700;\r\n    text-decoration: none;\r\n    margin-top: 10px;\r\n    font-size: 14px;\r\n}\r\n\r\n.security-badges {\r\n    display: flex;\r\n    gap: 15px;\r\n    margin-top: 20px;\r\n    opacity: 0.7;\r\n}\r\n\r\n\/* BARRA INFERIOR *\/\r\n.footer-bottom {\r\n    background: #040d18;\r\n    padding: 20px 0;\r\n    text-align: center;\r\n    border-top: 1px solid rgba(255,255,255,0.05);\r\n    font-size: 12px;\r\n    color: #5a6e84;\r\n}\r\n\r\n.produced-by {\r\n    margin-top: 5px;\r\n    font-size: 10px;\r\n    text-transform: uppercase;\r\n    letter-spacing: 1px;\r\n}\r\n\r\n@media (max-width: 768px) {\r\n    .footer-container {\r\n        flex-direction: column;\r\n        text-align: center;\r\n    }\r\n    .security-badges {\r\n        justify-content: center;\r\n    }\r\n}\r\n<\/style>\r\n\t\t\t\t<\/div>\n\t\t\t\t\t<\/div>\n\t\t\t\t<\/div>\n\t\t\t\t<\/div>\n\t\t","protected":false},"excerpt":{"rendered":"<p>TECNOLOGIA A SERVI\u00c7O DO REINO Pregue com profundidade, estude com agilidade. O guia definitivo de Prompts de IA para pregadores que desejam estruturar mensagens b\u00edblicas impactantes sem gastar horas diante de uma tela em branco. QUERO O ACESSO IMEDIATO De R$ 97,00 por apenas R$ 27,90 N\u00e3o \u00e9 sobre substituir o Esp\u00edrito, \u00e9 sobre otimizar [&hellip;]<\/p>\n","protected":false},"author":1,"featured_media":0,"parent":0,"menu_order":0,"comment_status":"closed","ping_status":"closed","template":"","meta":{"_angie_page":false,"footnotes":""},"class_list":["post-78","page","type-page","status-publish","hentry"],"_hostinger_reach_plugin_has_subscription_block":false,"_hostinger_reach_plugin_is_elementor":false,"_links":{"self":[{"href":"https:\/\/capacitamais.shop\/ia-produtiva\/wp-json\/wp\/v2\/pages\/78","targetHints":{"allow":["GET"]}}],"collection":[{"href":"https:\/\/capacitamais.shop\/ia-produtiva\/wp-json\/wp\/v2\/pages"}],"about":[{"href":"https:\/\/capacitamais.shop\/ia-produtiva\/wp-json\/wp\/v2\/types\/page"}],"author":[{"embeddable":true,"href":"https:\/\/capacitamais.shop\/ia-produtiva\/wp-json\/wp\/v2\/users\/1"}],"replies":[{"embeddable":true,"href":"https:\/\/capacitamais.shop\/ia-produtiva\/wp-json\/wp\/v2\/comments?post=78"}],"version-history":[{"count":22,"href":"https:\/\/capacitamais.shop\/ia-produtiva\/wp-json\/wp\/v2\/pages\/78\/revisions"}],"predecessor-version":[{"id":252,"href":"https:\/\/capacitamais.shop\/ia-produtiva\/wp-json\/wp\/v2\/pages\/78\/revisions\/252"}],"wp:attachment":[{"href":"https:\/\/capacitamais.shop\/ia-produtiva\/wp-json\/wp\/v2\/media?parent=78"}],"curies":[{"name":"wp","href":"https:\/\/api.w.org\/{rel}","templated":true}]}}