{"id":32,"date":"2026-04-08T01:41:53","date_gmt":"2026-04-08T04:41:53","guid":{"rendered":"https:\/\/capacitamais.shop\/?page_id=32"},"modified":"2026-04-08T21:27:08","modified_gmt":"2026-04-09T00:27:08","slug":"sobre","status":"publish","type":"page","link":"https:\/\/capacitamais.shop\/ia-produtiva\/sobre\/","title":{"rendered":"Sobre"},"content":{"rendered":"\t\t<div data-elementor-type=\"wp-page\" data-elementor-id=\"32\" class=\"elementor elementor-32\">\n\t\t\t\t<div class=\"elementor-element elementor-element-1215571 e-flex e-con-boxed e-con e-parent\" data-id=\"1215571\" data-element_type=\"container\" data-e-type=\"container\">\n\t\t\t\t\t<div class=\"e-con-inner\">\n\t\t<div class=\"elementor-element elementor-element-6d912d4 e-con-full e-flex e-con e-child\" data-id=\"6d912d4\" data-element_type=\"container\" data-e-type=\"container\">\n\t\t\t\t<div class=\"elementor-element elementor-element-5a3d391 elementor-nav-menu--dropdown-tablet elementor-nav-menu__text-align-aside elementor-nav-menu--toggle elementor-nav-menu--burger elementor-widget elementor-widget-nav-menu\" data-id=\"5a3d391\" data-element_type=\"widget\" data-e-type=\"widget\" data-settings=\"{&quot;layout&quot;:&quot;horizontal&quot;,&quot;submenu_icon&quot;:{&quot;value&quot;:&quot;&lt;svg class=\\&quot;e-font-icon-svg e-fas-caret-down\\&quot; viewBox=\\&quot;0 0 320 512\\&quot; xmlns=\\&quot;http:\\\/\\\/www.w3.org\\\/2000\\\/svg\\&quot;&gt;&lt;path d=\\&quot;M31.3 192h257.3c17.8 0 26.7 21.5 14.1 34.1L174.1 354.8c-7.8 7.8-20.5 7.8-28.3 0L17.2 226.1C4.6 213.5 13.5 192 31.3 192z\\&quot;&gt;&lt;\\\/path&gt;&lt;\\\/svg&gt;&quot;,&quot;library&quot;:&quot;fa-solid&quot;},&quot;toggle&quot;:&quot;burger&quot;}\" data-widget_type=\"nav-menu.default\">\n\t\t\t\t<div class=\"elementor-widget-container\">\n\t\t\t\t\t\t\t\t<nav migration_allowed=\"1\" migrated=\"0\" role=\"navigation\" class=\"elementor-nav-menu--main elementor-nav-menu__container elementor-nav-menu--layout-horizontal e--pointer-underline e--animation-fade\">\n\t\t\t\t<ul id=\"menu-1-5a3d391\" class=\"elementor-nav-menu\"><li class=\"menu-item menu-item-type-post_type menu-item-object-page menu-item-home menu-item-35\"><a href=\"https:\/\/capacitamais.shop\/ia-produtiva\/\" class=\"elementor-item\">IA Produtiva<\/a><\/li>\n<li class=\"menu-item menu-item-type-post_type menu-item-object-page menu-item-has-children menu-item-149\"><a href=\"https:\/\/capacitamais.shop\/ia-produtiva\/produtos\/\" class=\"elementor-item\">Produtos<\/a>\n<ul class=\"sub-menu elementor-nav-menu--dropdown\">\n\t<li class=\"menu-item menu-item-type-post_type menu-item-object-page menu-item-79\"><a href=\"https:\/\/capacitamais.shop\/ia-produtiva\/sermoes-poderosos-com-ia\/\" class=\"elementor-sub-item\">Serm\u00f5es Poderosos com IA<\/a><\/li>\n\t<li class=\"menu-item menu-item-type-post_type menu-item-object-page menu-item-76\"><a href=\"https:\/\/capacitamais.shop\/ia-produtiva\/kit-igreja-criativa\/\" class=\"elementor-sub-item\">Kit Igreja Criativa<\/a><\/li>\n\t<li class=\"menu-item menu-item-type-post_type menu-item-object-page menu-item-73\"><a href=\"https:\/\/capacitamais.shop\/ia-produtiva\/excel-com-ia\/\" class=\"elementor-sub-item\">Excel Com IA<\/a><\/li>\n\t<li class=\"menu-item menu-item-type-post_type menu-item-object-page menu-item-111\"><a href=\"https:\/\/capacitamais.shop\/ia-produtiva\/truques-de-casa-cozinha\/\" class=\"elementor-sub-item\">Truques de Casa &#8211; Cozinha<\/a><\/li>\n<\/ul>\n<\/li>\n<li class=\"menu-item menu-item-type-post_type menu-item-object-page menu-item-34\"><a href=\"https:\/\/capacitamais.shop\/ia-produtiva\/sobre\/\" class=\"elementor-item\">Sobre<\/a><\/li>\n<li class=\"menu-item menu-item-type-post_type menu-item-object-page menu-item-privacy-policy menu-item-243\"><a rel=\"privacy-policy\" href=\"https:\/\/capacitamais.shop\/ia-produtiva\/privacy-policy\/\" class=\"elementor-item\">Pol\u00edtica de Privacidade<\/a><\/li>\n<li class=\"menu-item menu-item-type-post_type menu-item-object-page menu-item-366\"><a href=\"https:\/\/capacitamais.shop\/ia-produtiva\/noticias\/\" class=\"elementor-item\">Not\u00edcias IA Produtiva<\/a><\/li>\n<\/ul>\t\t\t<\/nav>\n\t\t\t\t\t<div class=\"elementor-menu-toggle\" role=\"button\" tabindex=\"0\" aria-label=\"Menu Toggle\" aria-expanded=\"false\">\n\t\t\t<svg aria-hidden=\"true\" role=\"presentation\" class=\"elementor-menu-toggle__icon--open e-font-icon-svg e-eicon-menu-bar\" viewBox=\"0 0 1000 1000\" xmlns=\"http:\/\/www.w3.org\/2000\/svg\"><path d=\"M104 333H896C929 333 958 304 958 271S929 208 896 208H104C71 208 42 237 42 271S71 333 104 333ZM104 583H896C929 583 958 554 958 521S929 458 896 458H104C71 458 42 487 42 521S71 583 104 583ZM104 833H896C929 833 958 804 958 771S929 708 896 708H104C71 708 42 737 42 771S71 833 104 833Z\"><\/path><\/svg><svg aria-hidden=\"true\" role=\"presentation\" class=\"elementor-menu-toggle__icon--close e-font-icon-svg e-eicon-close\" viewBox=\"0 0 1000 1000\" xmlns=\"http:\/\/www.w3.org\/2000\/svg\"><path d=\"M742 167L500 408 258 167C246 154 233 150 217 150 196 150 179 158 167 167 154 179 150 196 150 212 150 229 154 242 171 254L408 500 167 742C138 771 138 800 167 829 196 858 225 858 254 829L496 587 738 829C750 842 767 846 783 846 800 846 817 842 829 829 842 817 846 804 846 783 846 767 842 750 829 737L588 500 833 258C863 229 863 200 833 171 804 137 775 137 742 167Z\"><\/path><\/svg>\t\t\t<span class=\"elementor-screen-only\">Menu<\/span>\n\t\t<\/div>\n\t\t\t<nav class=\"elementor-nav-menu--dropdown elementor-nav-menu__container\" role=\"navigation\" aria-hidden=\"true\">\n\t\t\t\t<ul id=\"menu-2-5a3d391\" class=\"elementor-nav-menu\"><li class=\"menu-item menu-item-type-post_type menu-item-object-page menu-item-home menu-item-35\"><a href=\"https:\/\/capacitamais.shop\/ia-produtiva\/\" class=\"elementor-item\" tabindex=\"-1\">IA Produtiva<\/a><\/li>\n<li class=\"menu-item menu-item-type-post_type menu-item-object-page menu-item-has-children menu-item-149\"><a href=\"https:\/\/capacitamais.shop\/ia-produtiva\/produtos\/\" class=\"elementor-item\" tabindex=\"-1\">Produtos<\/a>\n<ul class=\"sub-menu elementor-nav-menu--dropdown\">\n\t<li class=\"menu-item menu-item-type-post_type menu-item-object-page menu-item-79\"><a href=\"https:\/\/capacitamais.shop\/ia-produtiva\/sermoes-poderosos-com-ia\/\" class=\"elementor-sub-item\" tabindex=\"-1\">Serm\u00f5es Poderosos com IA<\/a><\/li>\n\t<li class=\"menu-item menu-item-type-post_type menu-item-object-page menu-item-76\"><a href=\"https:\/\/capacitamais.shop\/ia-produtiva\/kit-igreja-criativa\/\" class=\"elementor-sub-item\" tabindex=\"-1\">Kit Igreja Criativa<\/a><\/li>\n\t<li class=\"menu-item menu-item-type-post_type menu-item-object-page menu-item-73\"><a href=\"https:\/\/capacitamais.shop\/ia-produtiva\/excel-com-ia\/\" class=\"elementor-sub-item\" tabindex=\"-1\">Excel Com IA<\/a><\/li>\n\t<li class=\"menu-item menu-item-type-post_type menu-item-object-page menu-item-111\"><a href=\"https:\/\/capacitamais.shop\/ia-produtiva\/truques-de-casa-cozinha\/\" class=\"elementor-sub-item\" tabindex=\"-1\">Truques de Casa &#8211; Cozinha<\/a><\/li>\n<\/ul>\n<\/li>\n<li class=\"menu-item menu-item-type-post_type menu-item-object-page menu-item-34\"><a href=\"https:\/\/capacitamais.shop\/ia-produtiva\/sobre\/\" class=\"elementor-item\" tabindex=\"-1\">Sobre<\/a><\/li>\n<li class=\"menu-item menu-item-type-post_type menu-item-object-page menu-item-privacy-policy menu-item-243\"><a rel=\"privacy-policy\" href=\"https:\/\/capacitamais.shop\/ia-produtiva\/privacy-policy\/\" class=\"elementor-item\" tabindex=\"-1\">Pol\u00edtica de Privacidade<\/a><\/li>\n<li class=\"menu-item menu-item-type-post_type menu-item-object-page menu-item-366\"><a href=\"https:\/\/capacitamais.shop\/ia-produtiva\/noticias\/\" class=\"elementor-item\" tabindex=\"-1\">Not\u00edcias IA Produtiva<\/a><\/li>\n<\/ul>\t\t\t<\/nav>\n\t\t\t\t\t\t<\/div>\n\t\t\t\t<\/div>\n\t\t\t\t<\/div>\n\t\t<div class=\"elementor-element elementor-element-446b019 e-con-full e-flex e-con e-child\" data-id=\"446b019\" data-element_type=\"container\" data-e-type=\"container\">\n\t\t\t\t<div class=\"elementor-element elementor-element-d05ffc5 elementor-search-form--skin-classic elementor-search-form--button-type-icon elementor-search-form--icon-search elementor-widget elementor-widget-search-form\" data-id=\"d05ffc5\" data-element_type=\"widget\" data-e-type=\"widget\" data-settings=\"{&quot;skin&quot;:&quot;classic&quot;}\" data-widget_type=\"search-form.default\">\n\t\t\t\t<div class=\"elementor-widget-container\">\n\t\t\t\t\t\t\t<form class=\"elementor-search-form\" role=\"search\" action=\"https:\/\/capacitamais.shop\/ia-produtiva\" method=\"get\">\n\t\t\t\t\t\t\t\t\t<div class=\"elementor-search-form__container\">\n\t\t\t\t\t\t\t\t<input placeholder=\"Search...\" class=\"elementor-search-form__input\" type=\"search\" name=\"s\" title=\"Search\" value=\"\">\n\t\t\t\t\t\t\t\t\t\t\t\t\t<button class=\"elementor-search-form__submit\" type=\"submit\" title=\"Search\" aria-label=\"Search\">\n\t\t\t\t\t\t\t\t\t\t\t\t\t<div class=\"e-font-icon-svg-container\"><svg class=\"fa fa-search e-font-icon-svg e-fas-search\" viewBox=\"0 0 512 512\" xmlns=\"http:\/\/www.w3.org\/2000\/svg\"><path d=\"M505 442.7L405.3 343c-4.5-4.5-10.6-7-17-7H372c27.6-35.3 44-79.7 44-128C416 93.1 322.9 0 208 0S0 93.1 0 208s93.1 208 208 208c48.3 0 92.7-16.4 128-44v16.3c0 6.4 2.5 12.5 7 17l99.7 99.7c9.4 9.4 24.6 9.4 33.9 0l28.3-28.3c9.4-9.4 9.4-24.6.1-34zM208 336c-70.7 0-128-57.2-128-128 0-70.7 57.2-128 128-128 70.7 0 128 57.2 128 128 0 70.7-57.2 128-128 128z\"><\/path><\/svg><\/div>\t\t\t\t\t\t\t<span class=\"elementor-screen-only\">Search<\/span>\n\t\t\t\t\t\t\t\t\t\t\t<\/button>\n\t\t\t\t\t\t\t\t\t\t\t<\/div>\n\t\t<\/form>\n\t\t\t\t\t\t<\/div>\n\t\t\t\t<\/div>\n\t\t\t\t<\/div>\n\t\t\t\t\t<\/div>\n\t\t\t\t<\/div>\n\t\t<div class=\"elementor-element elementor-element-a8013e5 e-flex e-con-boxed e-con e-parent\" data-id=\"a8013e5\" data-element_type=\"container\" data-e-type=\"container\">\n\t\t\t\t\t<div class=\"e-con-inner\">\n\t\t\t\t<div class=\"elementor-element elementor-element-896b600 elementor-widget elementor-widget-html\" data-id=\"896b600\" data-element_type=\"widget\" data-e-type=\"widget\" data-widget_type=\"html.default\">\n\t\t\t\t\t<footer class=\"main-footer\">\r\n    <div class=\"footer-container\">\r\n        <div class=\"footer-col\">\r\n            <h3 class=\"footer-logo\">IA<span> Produtiva<\/span><\/h3>\r\n            <p class=\"footer-about\">\r\n                Capacitando l\u00edderes e empreendedores com ferramentas pr\u00e1ticas e intelig\u00eancia artificial para otimizar o tempo e maximizar resultados.\r\n            <\/p>\r\n        <\/div>\r\n\r\n        <div class=\"footer-col\">\r\n            <h4>Navega\u00e7\u00e3o<\/h4>\r\n            <ul class=\"footer-links\">\r\n                <li><a href=\"https:\/\/capacitamais.shop\/\">In\u00edcio<\/a><\/li>\r\n                <li><a href=\"https:\/\/capacitamais.shop\/produtos\/\">Produtos<\/a><\/li>\r\n                <li><a href=\"#\">Minha Conta<\/a><\/li>\r\n                <li><a href=\"#\">Termos de Uso<\/a><\/li>\r\n            <\/ul>\r\n        <\/div>\r\n\r\n        <div class=\"footer-col\">\r\n            <h4>Suporte<\/h4>\r\n            <p>D\u00favidas sobre o acesso?<\/p>\r\n            <a href=\"mailto:contato@capacitamais.shop\" class=\"footer-mail\">contato@capacitamais.shop<\/a>\r\n            <div class=\"security-badges\">\r\n                <img decoding=\"async\" src=\"https:\/\/img.icons8.com\/color\/48\/000000\/visa.png\" alt=\"Visa\" width=\"30\">\r\n                <img decoding=\"async\" src=\"https:\/\/img.icons8.com\/color\/48\/000000\/mastercard.png\" alt=\"Mastercard\" width=\"30\">\r\n                <img decoding=\"async\" src=\"https:\/\/img.icons8.com\/color\/48\/000000\/pix.png\" alt=\"Pix\" width=\"30\">\r\n                <img decoding=\"async\" src=\"https:\/\/img.icons8.com\/fluency\/48\/000000\/shield.png\" alt=\"Seguro\" width=\"30\">\r\n            <\/div>\r\n        <\/div>\r\n    <\/div>\r\n\r\n    <div class=\"footer-bottom\">\r\n        <div class=\"container\">\r\n            <p>&copy; 2026 CapacitaMais Shop - Todos os Direitos Reservados.<\/p>\r\n            <p class=\"produced-by\">Produzido por Italo Martins<\/p>\r\n        <\/div>\r\n    <\/div>\r\n<\/footer>\r\n\r\n<style>\r\n\/* ESTILOS DO RODAP\u00c9 *\/\r\n.main-footer {\r\n    background: #061426;\r\n    color: #fff;\r\n    padding: 60px 0 0 0;\r\n    font-family: 'Inter', sans-serif;\r\n    margin-top: 50px;\r\n}\r\n\r\n.footer-container {\r\n    max-width: 1100px;\r\n    margin: auto;\r\n    display: flex;\r\n    justify-content: space-between;\r\n    flex-wrap: wrap;\r\n    padding: 0 20px 40px 20px;\r\n    gap: 40px;\r\n}\r\n\r\n.footer-col {\r\n    flex: 1;\r\n    min-width: 250px;\r\n}\r\n\r\n.footer-logo {\r\n    font-size: 24px;\r\n    font-weight: 800;\r\n    margin-bottom: 20px;\r\n}\r\n\r\n.footer-logo span {\r\n    color: #ff7a00;\r\n}\r\n\r\n.footer-about {\r\n    color: #9fb3c8;\r\n    line-height: 1.6;\r\n    font-size: 14px;\r\n}\r\n\r\n.footer-col h4 {\r\n    font-size: 18px;\r\n    margin-bottom: 20px;\r\n    color: #ff7a00;\r\n}\r\n\r\n.footer-links {\r\n    list-style: none;\r\n    padding: 0;\r\n}\r\n\r\n.footer-links li {\r\n    margin-bottom: 10px;\r\n}\r\n\r\n.footer-links a {\r\n    color: #9fb3c8;\r\n    text-decoration: none;\r\n    transition: 0.3s;\r\n    font-size: 14px;\r\n}\r\n\r\n.footer-links a:hover {\r\n    color: #fff;\r\n    padding-left: 5px;\r\n}\r\n\r\n.footer-mail {\r\n    display: block;\r\n    color: #fff;\r\n    font-weight: 700;\r\n    text-decoration: none;\r\n    margin-top: 10px;\r\n    font-size: 14px;\r\n}\r\n\r\n.security-badges {\r\n    display: flex;\r\n    gap: 15px;\r\n    margin-top: 20px;\r\n    opacity: 0.7;\r\n}\r\n\r\n\/* BARRA INFERIOR *\/\r\n.footer-bottom {\r\n    background: #040d18;\r\n    padding: 20px 0;\r\n    text-align: center;\r\n    border-top: 1px solid rgba(255,255,255,0.05);\r\n    font-size: 12px;\r\n    color: #5a6e84;\r\n}\r\n\r\n.produced-by {\r\n    margin-top: 5px;\r\n    font-size: 10px;\r\n    text-transform: uppercase;\r\n    letter-spacing: 1px;\r\n}\r\n\r\n@media (max-width: 768px) {\r\n    .footer-container {\r\n        flex-direction: column;\r\n        text-align: center;\r\n    }\r\n    .security-badges {\r\n        justify-content: center;\r\n    }\r\n}\r\n<\/style>\r\n\t\t\t\t<\/div>\n\t\t\t\t\t<\/div>\n\t\t\t\t<\/div>\n\t\t\t\t<\/div>\n\t\t","protected":false},"excerpt":{"rendered":"<p>IA Produtiva Capacitando l\u00edderes e empreendedores com ferramentas pr\u00e1ticas e intelig\u00eancia artificial para otimizar o tempo e maximizar resultados. Navega\u00e7\u00e3o In\u00edcio Produtos Minha Conta Termos de Uso Suporte D\u00favidas sobre o acesso? contato@capacitamais.shop &copy; 2026 CapacitaMais Shop &#8211; Todos os Direitos Reservados. Produzido por Italo Martins<\/p>\n","protected":false},"author":1,"featured_media":0,"parent":0,"menu_order":0,"comment_status":"closed","ping_status":"closed","template":"","meta":{"_angie_page":false,"footnotes":""},"class_list":["post-32","page","type-page","status-publish","hentry"],"_hostinger_reach_plugin_has_subscription_block":false,"_hostinger_reach_plugin_is_elementor":false,"_links":{"self":[{"href":"https:\/\/capacitamais.shop\/ia-produtiva\/wp-json\/wp\/v2\/pages\/32","targetHints":{"allow":["GET"]}}],"collection":[{"href":"https:\/\/capacitamais.shop\/ia-produtiva\/wp-json\/wp\/v2\/pages"}],"about":[{"href":"https:\/\/capacitamais.shop\/ia-produtiva\/wp-json\/wp\/v2\/types\/page"}],"author":[{"embeddable":true,"href":"https:\/\/capacitamais.shop\/ia-produtiva\/wp-json\/wp\/v2\/users\/1"}],"replies":[{"embeddable":true,"href":"https:\/\/capacitamais.shop\/ia-produtiva\/wp-json\/wp\/v2\/comments?post=32"}],"version-history":[{"count":4,"href":"https:\/\/capacitamais.shop\/ia-produtiva\/wp-json\/wp\/v2\/pages\/32\/revisions"}],"predecessor-version":[{"id":255,"href":"https:\/\/capacitamais.shop\/ia-produtiva\/wp-json\/wp\/v2\/pages\/32\/revisions\/255"}],"wp:attachment":[{"href":"https:\/\/capacitamais.shop\/ia-produtiva\/wp-json\/wp\/v2\/media?parent=32"}],"curies":[{"name":"wp","href":"https:\/\/api.w.org\/{rel}","templated":true}]}}