{"id":3,"date":"2026-04-08T02:55:40","date_gmt":"2026-04-08T02:55:40","guid":{"rendered":"http:\/\/capacitamais.shop\/?page_id=3"},"modified":"2026-04-09T12:54:13","modified_gmt":"2026-04-09T15:54:13","slug":"privacy-policy","status":"publish","type":"page","link":"https:\/\/capacitamais.shop\/ia-produtiva\/privacy-policy\/","title":{"rendered":"Pol\u00edtica de Privacidade"},"content":{"rendered":"\t\t<div data-elementor-type=\"wp-page\" data-elementor-id=\"3\" class=\"elementor elementor-3\">\n\t\t\t\t<div class=\"elementor-element elementor-element-8865bfc e-flex e-con-boxed e-con e-parent\" data-id=\"8865bfc\" data-element_type=\"container\" data-e-type=\"container\">\n\t\t\t\t\t<div class=\"e-con-inner\">\n\t\t<div class=\"elementor-element elementor-element-ffdfc6c e-con-full e-flex e-con e-child\" data-id=\"ffdfc6c\" data-element_type=\"container\" data-e-type=\"container\">\n\t\t\t\t<div class=\"elementor-element elementor-element-049ccc1 elementor-nav-menu--dropdown-tablet elementor-nav-menu__text-align-aside elementor-nav-menu--toggle elementor-nav-menu--burger elementor-widget elementor-widget-nav-menu\" data-id=\"049ccc1\" data-element_type=\"widget\" data-e-type=\"widget\" data-settings=\"{&quot;layout&quot;:&quot;horizontal&quot;,&quot;submenu_icon&quot;:{&quot;value&quot;:&quot;&lt;svg class=\\&quot;e-font-icon-svg e-fas-caret-down\\&quot; viewBox=\\&quot;0 0 320 512\\&quot; xmlns=\\&quot;http:\\\/\\\/www.w3.org\\\/2000\\\/svg\\&quot;&gt;&lt;path d=\\&quot;M31.3 192h257.3c17.8 0 26.7 21.5 14.1 34.1L174.1 354.8c-7.8 7.8-20.5 7.8-28.3 0L17.2 226.1C4.6 213.5 13.5 192 31.3 192z\\&quot;&gt;&lt;\\\/path&gt;&lt;\\\/svg&gt;&quot;,&quot;library&quot;:&quot;fa-solid&quot;},&quot;toggle&quot;:&quot;burger&quot;}\" data-widget_type=\"nav-menu.default\">\n\t\t\t\t<div class=\"elementor-widget-container\">\n\t\t\t\t\t\t\t\t<nav migration_allowed=\"1\" migrated=\"0\" role=\"navigation\" class=\"elementor-nav-menu--main elementor-nav-menu__container elementor-nav-menu--layout-horizontal e--pointer-underline e--animation-fade\">\n\t\t\t\t<ul id=\"menu-1-049ccc1\" class=\"elementor-nav-menu\"><li class=\"menu-item menu-item-type-post_type menu-item-object-page menu-item-home menu-item-35\"><a href=\"https:\/\/capacitamais.shop\/ia-produtiva\/\" class=\"elementor-item\">IA Produtiva<\/a><\/li>\n<li class=\"menu-item menu-item-type-post_type menu-item-object-page menu-item-has-children menu-item-149\"><a href=\"https:\/\/capacitamais.shop\/ia-produtiva\/produtos\/\" class=\"elementor-item\">Produtos<\/a>\n<ul class=\"sub-menu elementor-nav-menu--dropdown\">\n\t<li class=\"menu-item menu-item-type-post_type menu-item-object-page menu-item-79\"><a href=\"https:\/\/capacitamais.shop\/ia-produtiva\/sermoes-poderosos-com-ia\/\" class=\"elementor-sub-item\">Serm\u00f5es Poderosos com IA<\/a><\/li>\n\t<li class=\"menu-item menu-item-type-post_type menu-item-object-page menu-item-76\"><a href=\"https:\/\/capacitamais.shop\/ia-produtiva\/kit-igreja-criativa\/\" class=\"elementor-sub-item\">Kit Igreja Criativa<\/a><\/li>\n\t<li class=\"menu-item menu-item-type-post_type menu-item-object-page menu-item-73\"><a href=\"https:\/\/capacitamais.shop\/ia-produtiva\/excel-com-ia\/\" class=\"elementor-sub-item\">Excel Com IA<\/a><\/li>\n\t<li class=\"menu-item menu-item-type-post_type menu-item-object-page menu-item-111\"><a href=\"https:\/\/capacitamais.shop\/ia-produtiva\/truques-de-casa-cozinha\/\" class=\"elementor-sub-item\">Truques de Casa &#8211; Cozinha<\/a><\/li>\n<\/ul>\n<\/li>\n<li class=\"menu-item menu-item-type-post_type menu-item-object-page menu-item-34\"><a href=\"https:\/\/capacitamais.shop\/ia-produtiva\/sobre\/\" class=\"elementor-item\">Sobre<\/a><\/li>\n<li class=\"menu-item menu-item-type-post_type menu-item-object-page menu-item-privacy-policy menu-item-243\"><a rel=\"privacy-policy\" href=\"https:\/\/capacitamais.shop\/ia-produtiva\/privacy-policy\/\" class=\"elementor-item\">Pol\u00edtica de Privacidade<\/a><\/li>\n<li class=\"menu-item menu-item-type-post_type menu-item-object-page menu-item-366\"><a href=\"https:\/\/capacitamais.shop\/ia-produtiva\/noticias\/\" class=\"elementor-item\">Not\u00edcias IA Produtiva<\/a><\/li>\n<\/ul>\t\t\t<\/nav>\n\t\t\t\t\t<div class=\"elementor-menu-toggle\" role=\"button\" tabindex=\"0\" aria-label=\"Menu Toggle\" aria-expanded=\"false\">\n\t\t\t<svg aria-hidden=\"true\" role=\"presentation\" class=\"elementor-menu-toggle__icon--open e-font-icon-svg e-eicon-menu-bar\" viewBox=\"0 0 1000 1000\" xmlns=\"http:\/\/www.w3.org\/2000\/svg\"><path d=\"M104 333H896C929 333 958 304 958 271S929 208 896 208H104C71 208 42 237 42 271S71 333 104 333ZM104 583H896C929 583 958 554 958 521S929 458 896 458H104C71 458 42 487 42 521S71 583 104 583ZM104 833H896C929 833 958 804 958 771S929 708 896 708H104C71 708 42 737 42 771S71 833 104 833Z\"><\/path><\/svg><svg aria-hidden=\"true\" role=\"presentation\" class=\"elementor-menu-toggle__icon--close e-font-icon-svg e-eicon-close\" viewBox=\"0 0 1000 1000\" xmlns=\"http:\/\/www.w3.org\/2000\/svg\"><path d=\"M742 167L500 408 258 167C246 154 233 150 217 150 196 150 179 158 167 167 154 179 150 196 150 212 150 229 154 242 171 254L408 500 167 742C138 771 138 800 167 829 196 858 225 858 254 829L496 587 738 829C750 842 767 846 783 846 800 846 817 842 829 829 842 817 846 804 846 783 846 767 842 750 829 737L588 500 833 258C863 229 863 200 833 171 804 137 775 137 742 167Z\"><\/path><\/svg>\t\t\t<span class=\"elementor-screen-only\">Menu<\/span>\n\t\t<\/div>\n\t\t\t<nav class=\"elementor-nav-menu--dropdown elementor-nav-menu__container\" role=\"navigation\" aria-hidden=\"true\">\n\t\t\t\t<ul id=\"menu-2-049ccc1\" class=\"elementor-nav-menu\"><li class=\"menu-item menu-item-type-post_type menu-item-object-page menu-item-home menu-item-35\"><a href=\"https:\/\/capacitamais.shop\/ia-produtiva\/\" class=\"elementor-item\" tabindex=\"-1\">IA Produtiva<\/a><\/li>\n<li class=\"menu-item menu-item-type-post_type menu-item-object-page menu-item-has-children menu-item-149\"><a href=\"https:\/\/capacitamais.shop\/ia-produtiva\/produtos\/\" class=\"elementor-item\" tabindex=\"-1\">Produtos<\/a>\n<ul class=\"sub-menu elementor-nav-menu--dropdown\">\n\t<li class=\"menu-item menu-item-type-post_type menu-item-object-page menu-item-79\"><a href=\"https:\/\/capacitamais.shop\/ia-produtiva\/sermoes-poderosos-com-ia\/\" class=\"elementor-sub-item\" tabindex=\"-1\">Serm\u00f5es Poderosos com IA<\/a><\/li>\n\t<li class=\"menu-item menu-item-type-post_type menu-item-object-page menu-item-76\"><a href=\"https:\/\/capacitamais.shop\/ia-produtiva\/kit-igreja-criativa\/\" class=\"elementor-sub-item\" tabindex=\"-1\">Kit Igreja Criativa<\/a><\/li>\n\t<li class=\"menu-item menu-item-type-post_type menu-item-object-page menu-item-73\"><a href=\"https:\/\/capacitamais.shop\/ia-produtiva\/excel-com-ia\/\" class=\"elementor-sub-item\" tabindex=\"-1\">Excel Com IA<\/a><\/li>\n\t<li class=\"menu-item menu-item-type-post_type menu-item-object-page menu-item-111\"><a href=\"https:\/\/capacitamais.shop\/ia-produtiva\/truques-de-casa-cozinha\/\" class=\"elementor-sub-item\" tabindex=\"-1\">Truques de Casa &#8211; Cozinha<\/a><\/li>\n<\/ul>\n<\/li>\n<li class=\"menu-item menu-item-type-post_type menu-item-object-page menu-item-34\"><a href=\"https:\/\/capacitamais.shop\/ia-produtiva\/sobre\/\" class=\"elementor-item\" tabindex=\"-1\">Sobre<\/a><\/li>\n<li class=\"menu-item menu-item-type-post_type menu-item-object-page menu-item-privacy-policy menu-item-243\"><a rel=\"privacy-policy\" href=\"https:\/\/capacitamais.shop\/ia-produtiva\/privacy-policy\/\" class=\"elementor-item\" tabindex=\"-1\">Pol\u00edtica de Privacidade<\/a><\/li>\n<li class=\"menu-item menu-item-type-post_type menu-item-object-page menu-item-366\"><a href=\"https:\/\/capacitamais.shop\/ia-produtiva\/noticias\/\" class=\"elementor-item\" tabindex=\"-1\">Not\u00edcias IA Produtiva<\/a><\/li>\n<\/ul>\t\t\t<\/nav>\n\t\t\t\t\t\t<\/div>\n\t\t\t\t<\/div>\n\t\t\t\t<\/div>\n\t\t<div class=\"elementor-element elementor-element-634bba2 e-con-full e-flex e-con e-child\" data-id=\"634bba2\" data-element_type=\"container\" data-e-type=\"container\">\n\t\t\t\t<div class=\"elementor-element elementor-element-8f93530 elementor-search-form--skin-classic elementor-search-form--button-type-icon elementor-search-form--icon-search elementor-widget elementor-widget-search-form\" data-id=\"8f93530\" data-element_type=\"widget\" data-e-type=\"widget\" data-settings=\"{&quot;skin&quot;:&quot;classic&quot;}\" data-widget_type=\"search-form.default\">\n\t\t\t\t<div class=\"elementor-widget-container\">\n\t\t\t\t\t\t\t<form class=\"elementor-search-form\" role=\"search\" action=\"https:\/\/capacitamais.shop\/ia-produtiva\" method=\"get\">\n\t\t\t\t\t\t\t\t\t<div class=\"elementor-search-form__container\">\n\t\t\t\t\t\t\t\t<input placeholder=\"Search...\" class=\"elementor-search-form__input\" type=\"search\" name=\"s\" title=\"Search\" value=\"\">\n\t\t\t\t\t\t\t\t\t\t\t\t\t<button class=\"elementor-search-form__submit\" type=\"submit\" title=\"Search\" aria-label=\"Search\">\n\t\t\t\t\t\t\t\t\t\t\t\t\t<div class=\"e-font-icon-svg-container\"><svg class=\"fa fa-search e-font-icon-svg e-fas-search\" viewBox=\"0 0 512 512\" xmlns=\"http:\/\/www.w3.org\/2000\/svg\"><path d=\"M505 442.7L405.3 343c-4.5-4.5-10.6-7-17-7H372c27.6-35.3 44-79.7 44-128C416 93.1 322.9 0 208 0S0 93.1 0 208s93.1 208 208 208c48.3 0 92.7-16.4 128-44v16.3c0 6.4 2.5 12.5 7 17l99.7 99.7c9.4 9.4 24.6 9.4 33.9 0l28.3-28.3c9.4-9.4 9.4-24.6.1-34zM208 336c-70.7 0-128-57.2-128-128 0-70.7 57.2-128 128-128 70.7 0 128 57.2 128 128 0 70.7-57.2 128-128 128z\"><\/path><\/svg><\/div>\t\t\t\t\t\t\t<span class=\"elementor-screen-only\">Search<\/span>\n\t\t\t\t\t\t\t\t\t\t\t<\/button>\n\t\t\t\t\t\t\t\t\t\t\t<\/div>\n\t\t<\/form>\n\t\t\t\t\t\t<\/div>\n\t\t\t\t<\/div>\n\t\t\t\t<\/div>\n\t\t\t\t\t<\/div>\n\t\t\t\t<\/div>\n\t\t<div class=\"elementor-element elementor-element-41940569 e-flex e-con-boxed e-con e-parent\" data-id=\"41940569\" data-element_type=\"container\" data-e-type=\"container\">\n\t\t\t\t\t<div class=\"e-con-inner\">\n\t\t\t\t<div class=\"elementor-element elementor-element-337bcc58 elementor-widget elementor-widget-text-editor\" data-id=\"337bcc58\" data-element_type=\"widget\" data-e-type=\"widget\" data-widget_type=\"text-editor.default\">\n\t\t\t\t\t\t\t\t\t\n<h2 class=\"wp-block-heading\">Who we are<\/h2>\n\n\n<p><strong class=\"privacy-policy-tutorial\">Suggested text: <\/strong>Our website address is: http:\/\/capacitamais.shop.<\/p>\n\n\n<h2 class=\"wp-block-heading\">Comments<\/h2>\n\n\n<p><strong class=\"privacy-policy-tutorial\">Suggested text: <\/strong>When visitors leave comments on the site we collect the data shown in the comments form, and also the visitor&#8217;s IP address and browser user agent string to help spam detection.<\/p>\n\n\n<p>An anonymized string created from your email address (also called a hash) may be provided to the Gravatar service to see if you are using it. The Gravatar service privacy policy is available here: https:\/\/automattic.com\/privacy\/. After approval of your comment, your profile picture is visible to the public in the context of your comment.<\/p>\n\n\n<h2 class=\"wp-block-heading\">Media<\/h2>\n\n\n<p><strong class=\"privacy-policy-tutorial\">Suggested text: <\/strong>If you upload images to the website, you should avoid uploading images with embedded location data (EXIF GPS) included. Visitors to the website can download and extract any location data from images on the website.<\/p>\n\n\n<h2 class=\"wp-block-heading\">Cookies<\/h2>\n\n\n<p><strong class=\"privacy-policy-tutorial\">Suggested text: <\/strong>If you leave a comment on our site you may opt-in to saving your name, email address and website in cookies. These are for your convenience so that you do not have to fill in your details again when you leave another comment. These cookies will last for one year.<\/p>\n\n\n<p>If you visit our login page, we will set a temporary cookie to determine if your browser accepts cookies. This cookie contains no personal data and is discarded when you close your browser.<\/p>\n\n\n<p>When you log in, we will also set up several cookies to save your login information and your screen display choices. Login cookies last for two days, and screen options cookies last for a year. If you select &quot;Remember Me&quot;, your login will persist for two weeks. If you log out of your account, the login cookies will be removed.<\/p>\n\n\n<p>If you edit or publish an article, an additional cookie will be saved in your browser. This cookie includes no personal data and simply indicates the post ID of the article you just edited. It expires after 1 day.<\/p>\n\n\n<h2 class=\"wp-block-heading\">Embedded content from other websites<\/h2>\n\n\n<p><strong class=\"privacy-policy-tutorial\">Suggested text: <\/strong>Articles on this site may include embedded content (e.g. videos, images, articles, etc.). Embedded content from other websites behaves in the exact same way as if the visitor has visited the other website.<\/p>\n\n\n<p>These websites may collect data about you, use cookies, embed additional third-party tracking, and monitor your interaction with that embedded content, including tracking your interaction with the embedded content if you have an account and are logged in to that website.<\/p>\n\n\n<h2 class=\"wp-block-heading\">Who we share your data with<\/h2>\n\n\n<p><strong class=\"privacy-policy-tutorial\">Suggested text: <\/strong>If you request a password reset, your IP address will be included in the reset email.<\/p>\n\n\n<h2 class=\"wp-block-heading\">How long we retain your data<\/h2>\n\n\n<p><strong class=\"privacy-policy-tutorial\">Suggested text: <\/strong>If you leave a comment, the comment and its metadata are retained indefinitely. This is so we can recognize and approve any follow-up comments automatically instead of holding them in a moderation queue.<\/p>\n\n\n<p>For users that register on our website (if any), we also store the personal information they provide in their user profile. All users can see, edit, or delete their personal information at any time (except they cannot change their username). Website administrators can also see and edit that information.<\/p>\n\n\n<h2 class=\"wp-block-heading\">What rights you have over your data<\/h2>\n\n\n<p><strong class=\"privacy-policy-tutorial\">Suggested text: <\/strong>If you have an account on this site, or have left comments, you can request to receive an exported file of the personal data we hold about you, including any data you have provided to us. You can also request that we erase any personal data we hold about you. This does not include any data we are obliged to keep for administrative, legal, or security purposes.<\/p>\n\n\n<h2 class=\"wp-block-heading\">Where your data is sent<\/h2>\n\n\n<p><strong class=\"privacy-policy-tutorial\">Suggested text: <\/strong>Visitor comments may be checked through an automated spam detection service.<\/p>\n\n\t\t\t\t\t\t\t\t<\/div>\n\t\t\t\t\t<\/div>\n\t\t\t\t<\/div>\n\t\t<div class=\"elementor-element elementor-element-860be40 e-flex e-con-boxed e-con e-parent\" data-id=\"860be40\" data-element_type=\"container\" data-e-type=\"container\">\n\t\t\t\t\t<div class=\"e-con-inner\">\n\t\t\t\t<div class=\"elementor-element elementor-element-34e3f8d elementor-widget elementor-widget-html\" data-id=\"34e3f8d\" data-element_type=\"widget\" data-e-type=\"widget\" data-widget_type=\"html.default\">\n\t\t\t\t\t<footer class=\"main-footer\">\r\n    <div class=\"footer-container\">\r\n        <div class=\"footer-col\">\r\n            <h3 class=\"footer-logo\">IA<span> Produtiva<\/span><\/h3>\r\n            <p class=\"footer-about\">\r\n                Capacitando l\u00edderes e empreendedores com ferramentas pr\u00e1ticas e intelig\u00eancia artificial para otimizar o tempo e maximizar resultados.\r\n            <\/p>\r\n        <\/div>\r\n\r\n        <div class=\"footer-col\">\r\n            <h4>Navega\u00e7\u00e3o<\/h4>\r\n            <ul class=\"footer-links\">\r\n                <li><a href=\"https:\/\/capacitamais.shop\/\">In\u00edcio<\/a><\/li>\r\n                <li><a href=\"https:\/\/capacitamais.shop\/produtos\/\">Produtos<\/a><\/li>\r\n                <li><a href=\"#\">Minha Conta<\/a><\/li>\r\n                <li><a href=\"#\">Termos de Uso<\/a><\/li>\r\n            <\/ul>\r\n        <\/div>\r\n\r\n        <div class=\"footer-col\">\r\n            <h4>Suporte<\/h4>\r\n            <p>D\u00favidas sobre o acesso?<\/p>\r\n            <a href=\"mailto:contato@capacitamais.shop\" class=\"footer-mail\">contato@capacitamais.shop<\/a>\r\n            <div class=\"security-badges\">\r\n                <img decoding=\"async\" src=\"https:\/\/img.icons8.com\/color\/48\/000000\/visa.png\" alt=\"Visa\" width=\"30\">\r\n                <img decoding=\"async\" src=\"https:\/\/img.icons8.com\/color\/48\/000000\/mastercard.png\" alt=\"Mastercard\" width=\"30\">\r\n                <img decoding=\"async\" src=\"https:\/\/img.icons8.com\/color\/48\/000000\/pix.png\" alt=\"Pix\" width=\"30\">\r\n                <img decoding=\"async\" src=\"https:\/\/img.icons8.com\/fluency\/48\/000000\/shield.png\" alt=\"Seguro\" width=\"30\">\r\n            <\/div>\r\n        <\/div>\r\n    <\/div>\r\n\r\n    <div class=\"footer-bottom\">\r\n        <div class=\"container\">\r\n            <p>&copy; 2026 CapacitaMais Shop - Todos os Direitos Reservados.<\/p>\r\n            <p class=\"produced-by\">Produzido por Italo Martins<\/p>\r\n        <\/div>\r\n    <\/div>\r\n<\/footer>\r\n\r\n<style>\r\n\/* ESTILOS DO RODAP\u00c9 *\/\r\n.main-footer {\r\n    background: #061426;\r\n    color: #fff;\r\n    padding: 60px 0 0 0;\r\n    font-family: 'Inter', sans-serif;\r\n    margin-top: 50px;\r\n}\r\n\r\n.footer-container {\r\n    max-width: 1100px;\r\n    margin: auto;\r\n    display: flex;\r\n    justify-content: space-between;\r\n    flex-wrap: wrap;\r\n    padding: 0 20px 40px 20px;\r\n    gap: 40px;\r\n}\r\n\r\n.footer-col {\r\n    flex: 1;\r\n    min-width: 250px;\r\n}\r\n\r\n.footer-logo {\r\n    font-size: 24px;\r\n    font-weight: 800;\r\n    margin-bottom: 20px;\r\n}\r\n\r\n.footer-logo span {\r\n    color: #ff7a00;\r\n}\r\n\r\n.footer-about {\r\n    color: #9fb3c8;\r\n    line-height: 1.6;\r\n    font-size: 14px;\r\n}\r\n\r\n.footer-col h4 {\r\n    font-size: 18px;\r\n    margin-bottom: 20px;\r\n    color: #ff7a00;\r\n}\r\n\r\n.footer-links {\r\n    list-style: none;\r\n    padding: 0;\r\n}\r\n\r\n.footer-links li {\r\n    margin-bottom: 10px;\r\n}\r\n\r\n.footer-links a {\r\n    color: #9fb3c8;\r\n    text-decoration: none;\r\n    transition: 0.3s;\r\n    font-size: 14px;\r\n}\r\n\r\n.footer-links a:hover {\r\n    color: #fff;\r\n    padding-left: 5px;\r\n}\r\n\r\n.footer-mail {\r\n    display: block;\r\n    color: #fff;\r\n    font-weight: 700;\r\n    text-decoration: none;\r\n    margin-top: 10px;\r\n    font-size: 14px;\r\n}\r\n\r\n.security-badges {\r\n    display: flex;\r\n    gap: 15px;\r\n    margin-top: 20px;\r\n    opacity: 0.7;\r\n}\r\n\r\n\/* BARRA INFERIOR *\/\r\n.footer-bottom {\r\n    background: #040d18;\r\n    padding: 20px 0;\r\n    text-align: center;\r\n    border-top: 1px solid rgba(255,255,255,0.05);\r\n    font-size: 12px;\r\n    color: #5a6e84;\r\n}\r\n\r\n.produced-by {\r\n    margin-top: 5px;\r\n    font-size: 10px;\r\n    text-transform: uppercase;\r\n    letter-spacing: 1px;\r\n}\r\n\r\n@media (max-width: 768px) {\r\n    .footer-container {\r\n        flex-direction: column;\r\n        text-align: center;\r\n    }\r\n    .security-badges {\r\n        justify-content: center;\r\n    }\r\n}\r\n<\/style>\r\n\t\t\t\t<\/div>\n\t\t\t\t\t<\/div>\n\t\t\t\t<\/div>\n\t\t\t\t<\/div>\n\t\t","protected":false},"excerpt":{"rendered":"<p>Who we are Suggested text: Our website address is: http:\/\/capacitamais.shop. Comments Suggested text: When visitors leave comments on the site we collect the data shown in the comments form, and also the visitor&#8217;s IP address and browser user agent string to help spam detection. An anonymized string created from your email address (also called a [&hellip;]<\/p>\n","protected":false},"author":1,"featured_media":0,"parent":0,"menu_order":0,"comment_status":"closed","ping_status":"open","template":"","meta":{"_angie_page":false,"footnotes":""},"class_list":["post-3","page","type-page","status-publish","hentry"],"_hostinger_reach_plugin_has_subscription_block":false,"_hostinger_reach_plugin_is_elementor":false,"_links":{"self":[{"href":"https:\/\/capacitamais.shop\/ia-produtiva\/wp-json\/wp\/v2\/pages\/3","targetHints":{"allow":["GET"]}}],"collection":[{"href":"https:\/\/capacitamais.shop\/ia-produtiva\/wp-json\/wp\/v2\/pages"}],"about":[{"href":"https:\/\/capacitamais.shop\/ia-produtiva\/wp-json\/wp\/v2\/types\/page"}],"author":[{"embeddable":true,"href":"https:\/\/capacitamais.shop\/ia-produtiva\/wp-json\/wp\/v2\/users\/1"}],"replies":[{"embeddable":true,"href":"https:\/\/capacitamais.shop\/ia-produtiva\/wp-json\/wp\/v2\/comments?post=3"}],"version-history":[{"count":4,"href":"https:\/\/capacitamais.shop\/ia-produtiva\/wp-json\/wp\/v2\/pages\/3\/revisions"}],"predecessor-version":[{"id":399,"href":"https:\/\/capacitamais.shop\/ia-produtiva\/wp-json\/wp\/v2\/pages\/3\/revisions\/399"}],"wp:attachment":[{"href":"https:\/\/capacitamais.shop\/ia-produtiva\/wp-json\/wp\/v2\/media?parent=3"}],"curies":[{"name":"wp","href":"https:\/\/api.w.org\/{rel}","templated":true}]}}